{"id":4034,"date":"2024-09-27T08:52:30","date_gmt":"2024-09-27T08:52:30","guid":{"rendered":"https:\/\/myavis.lt\/weekend-with-sheep\/"},"modified":"2026-05-15T06:22:35","modified_gmt":"2026-05-15T06:22:35","slug":"weekend-with-sheep","status":"publish","type":"page","link":"https:\/\/myavis.lt\/en\/weekend-with-sheep\/","title":{"rendered":"AVIS birthday"},"content":{"rendered":"\n\t<section class=\"section\" id=\"section_608030307\">\n\t\t<div class=\"section-bg fill\" >\n\t\t\t\t\t\t\t\t\t<div class=\"section-bg-overlay absolute fill\"><\/div>\n\t\t\t\n\n\t\t<\/div>\n\n\t\t\n\n\t\t<div class=\"section-content relative\">\n\t\t\t\n\n<div class=\"row row-collapse row-full-width align-middle\"  id=\"row-1410813570\">\n\n\n\t<div id=\"col-2032408785\" class=\"col medium-7 small-12 large-7\"  >\n\t\t\t\t<div class=\"col-inner\"  >\n\t\t\t\n\t\t\t\n\n\t<div class=\"img has-hover x md-x lg-x y md-y lg-y\" id=\"image_1784066609\">\n\t\t\t\t\t\t\t\t<div class=\"img-inner dark\" >\n\t\t\t<img width=\"867\" height=\"800\" src=\"data:image\/gif;base64,R0lGODlhAQABAAAAACH5BAEKAAEALAAAAAABAAEAAAICTAEAOw==\" class=\"attachment-original size-original lazyload\" alt=\"\" sizes=\"(max-width: 380px) 380px, (max-width: 600px) 600px, (max-width: 800px) 800px, (max-width: 1200px) 1200px, 1920px\" fetchpriority=\"high\" loading=\"eager\" decoding=\"async\" data-src=\"https:\/\/myavis.lt\/wp-content\/uploads\/sites\/3\/2026\/05\/AVIS-Lietuva-33-metai-kelyje-1300-x-1200-px-1.jpg\" data-srcset=\"https:\/\/myavis.lt\/wp-content\/uploads\/sites\/3\/2026\/05\/AVIS-Lietuva-33-metai-kelyje-1300-x-1200-px-1.jpg 867w, https:\/\/myavis.lt\/wp-content\/uploads\/sites\/3\/2026\/05\/AVIS-Lietuva-33-metai-kelyje-1300-x-1200-px-1-300x277.jpg 300w, https:\/\/myavis.lt\/wp-content\/uploads\/sites\/3\/2026\/05\/AVIS-Lietuva-33-metai-kelyje-1300-x-1200-px-1-768x709.jpg 768w, https:\/\/myavis.lt\/wp-content\/uploads\/sites\/3\/2026\/05\/AVIS-Lietuva-33-metai-kelyje-1300-x-1200-px-1-510x471.jpg 510w\"><noscript><img decoding=\"async\" src=\"data:image\/gif;base64,R0lGODlhAQABAAAAACH5BAEKAAEALAAAAAABAAEAAAICTAEAOw==\" alt=\"\" class=\"lazyload\" data-src=\"https:\/\/myavis.lt\/wp-content\/uploads\/sites\/3\/2026\/05\/AVIS-Lietuva-33-metai-kelyje-1300-x-1200-px-1.jpg\"><\/noscript>\t\t\t\t\t\t\n\t\t\t\t\t<\/div>\n\t\t\t\t\t\t\t\t\n<style>\n#image_1784066609 {\n  width: 100%;\n}\n<\/style>\n\t<\/div>\n\t\n\n\n\t\t<\/div>\n\t\t\t\t\t<\/div>\n\n\t\n\n\t<div id=\"col-1360168486\" class=\"col medium-5 small-12 large-5\"  >\n\t\t\t\t<div class=\"col-inner text-center\"  >\n\t\t\t\n\t\t\t\n\n<p data-start=\"0\" data-end=\"43\"><strong data-start=\"3\" data-end=\"41\">DALYVAUK AVIS GIMTADIENIO \u017dAIDIME!<\/strong><\/p>\n<p data-start=\"45\" data-end=\"115\"><span style=\"font-size: 90%\">33 met\u0173 gimtadienio proga, norime padovanoti tai, ko da\u017eniausiai pritr\u016bksta &#8211; daugiau laiko sau. <\/span><\/p>\n<p data-start=\"45\" data-end=\"115\"><span style=\"font-size: 90%\">\ud83c\udf81 Laim\u0117k:<\/span><\/p>\n<ul>\n<li><span style=\"font-size: 90%\">savaitgal\u012f su AVIS automobiliu Lietuvoje ir pilnu kuro baku<\/span><\/li>\n<li data-section-id=\"y2tidl\" data-start=\"180\" data-end=\"224\"><span style=\"font-size: 90%\">arba vien\u0105 i\u0161 2 \u00d7 100 \u20ac AVIS dovan\u0173 korteli\u0173\u00a0<\/span><\/li>\n<\/ul>\n<p data-start=\"226\" data-end=\"264\"><span style=\"font-size: 90%\">\ud83d\udc49 U\u017epildyk form\u0105 ir dalyvauk \u017eaidime.<\/span><\/p>\n\n<div class=\"wpcf7 no-js\" id=\"wpcf7-f72844-o1\" lang=\"en-US\" dir=\"ltr\" data-wpcf7-id=\"72844\">\n<div class=\"screen-reader-response\"><p role=\"status\" aria-live=\"polite\" aria-atomic=\"true\"><\/p> <ul><\/ul><\/div>\n<form action=\"\/en\/wp-json\/wp\/v2\/pages\/4034#wpcf7-f72844-o1\" method=\"post\" class=\"wpcf7-form init\" aria-label=\"Contact form\" novalidate=\"novalidate\" data-status=\"init\">\n<div style=\"display: none;\">\n<input type=\"hidden\" name=\"_wpcf7\" value=\"72844\" \/>\n<input type=\"hidden\" name=\"_wpcf7_version\" value=\"6.0.6\" \/>\n<input type=\"hidden\" name=\"_wpcf7_locale\" value=\"en_US\" \/>\n<input type=\"hidden\" name=\"_wpcf7_unit_tag\" value=\"wpcf7-f72844-o1\" \/>\n<input type=\"hidden\" name=\"_wpcf7_container_post\" value=\"0\" \/>\n<input type=\"hidden\" name=\"_wpcf7_posted_data_hash\" value=\"\" \/>\n<input type=\"hidden\" name=\"_wpcf7cf_hidden_group_fields\" value=\"[]\" \/>\n<input type=\"hidden\" name=\"_wpcf7cf_hidden_groups\" value=\"[]\" \/>\n<input type=\"hidden\" name=\"_wpcf7cf_visible_groups\" value=\"[]\" \/>\n<input type=\"hidden\" name=\"_wpcf7cf_repeaters\" value=\"[]\" \/>\n<input type=\"hidden\" name=\"_wpcf7cf_steps\" value=\"{}\" \/>\n<input type=\"hidden\" name=\"_wpcf7cf_options\" value=\"{&quot;form_id&quot;:72844,&quot;conditions&quot;:[],&quot;settings&quot;:{&quot;animation&quot;:&quot;yes&quot;,&quot;animation_intime&quot;:200,&quot;animation_outtime&quot;:200,&quot;conditions_ui&quot;:&quot;normal&quot;,&quot;notice_dismissed&quot;:false}}\" \/>\n<input type=\"hidden\" name=\"_wpcf7_recaptcha_response\" value=\"\" \/>\n<\/div>\n<p><label> Name and Surname<br \/>\n<span class=\"wpcf7-form-control-wrap\" data-name=\"your-name\"><input size=\"40\" maxlength=\"400\" class=\"wpcf7-form-control wpcf7-text wpcf7-validates-as-required\" autocomplete=\"name\" aria-required=\"true\" aria-invalid=\"false\" value=\"\" type=\"text\" name=\"your-name\" \/><\/span> <\/label>\n<\/p>\n<p><label> Email<br \/>\n<span class=\"wpcf7-form-control-wrap\" data-name=\"your-subject\"><input size=\"40\" maxlength=\"400\" class=\"wpcf7-form-control wpcf7-text wpcf7-validates-as-required\" aria-required=\"true\" aria-invalid=\"false\" value=\"\" type=\"text\" name=\"your-subject\" \/><\/span> <\/label>\n<\/p>\n<div class=\"row\">\n\t<div class=\"col pb-2\">\n\t\t<p><span class=\"wpcf7-form-control-wrap\" data-name=\"term_and_conditions\"><span class=\"wpcf7-form-control wpcf7-acceptance\"><span class=\"wpcf7-list-item\"><label><input type=\"checkbox\" name=\"term_and_conditions\" value=\"1\" class=\"required\" aria-invalid=\"false\" \/><span class=\"wpcf7-list-item-label\">I have read and agree with the <a href=\"\/musu-privatumo-politika\/\" target=\"_blank\"><u>Privacy policy<\/u><\/a>.<\/span><\/label><\/span><\/span><\/span>\n\t\t<\/p>\n\t<\/div>\n\t<p><span class=\"wpcf7-form-control-wrap\" data-name=\"offers-request\"><span class=\"wpcf7-form-control wpcf7-checkbox\"><span class=\"wpcf7-list-item first last\"><label><input type=\"checkbox\" name=\"offers-request[]\" value=\"I would like to receive information about special offers\" \/><span class=\"wpcf7-list-item-label\">I would like to receive information about special offers<\/span><\/label><\/span><\/span><\/span>\n\t<\/p>\n<\/div>\n<input class=\"wpcf7-form-control wpcf7-hidden\" value=\"\" type=\"hidden\" name=\"order-info\" \/>\n<input class=\"wpcf7-form-control wpcf7-hidden\" value=\"\" type=\"hidden\" name=\"vehicle-url\" \/>\n<div class=\"row\">\n\t<div class=\"col pb-0\">\n\t\t<p><input class=\"wpcf7-form-control wpcf7-submit has-spinner\" type=\"submit\" value=\"Register and participate in the game\" \/>\n\t\t<\/p>\n\t<\/div>\n<\/div><div class=\"wpcf7-response-output\" aria-hidden=\"true\"><\/div>\n<\/form>\n<\/div>\n\n\n<p>Su laim\u0117tojais susisieksime 2026 m. gegu\u017e\u0117s 29 d.<\/p>\n\n\t\t<\/div>\n\t\t\t\t\n<style>\n#col-1360168486 > .col-inner {\n  padding: 10% 10% 10% 10%;\n  max-width: 520px;\n}\n<\/style>\n\t<\/div>\n\n\t\n\n<\/div>\n\n\t\t<\/div>\n\n\t\t\n<style>\n#section_608030307 {\n  padding-top: 0px;\n  padding-bottom: 0px;\n  background-color: rgb(247, 247, 247);\n}\n#section_608030307 .section-bg-overlay {\n  background-color: rgba(255, 255, 255, 0.85);\n}\n<\/style>\n\t<\/section>\n\t","protected":false},"excerpt":{"rendered":"","protected":false},"author":5,"featured_media":0,"parent":0,"menu_order":0,"comment_status":"closed","ping_status":"closed","template":"","meta":{"_acf_changed":false,"om_disable_all_campaigns":false,"footnotes":""},"class_list":["post-4034","page","type-page","status-publish","hentry"],"acf":[],"yoast_head":"<!-- This site is optimized with the Yoast SEO plugin v24.6 - https:\/\/yoast.com\/wordpress\/plugins\/seo\/ -->\n<title>AVIS birthday - MYAVIS<\/title>\n<meta name=\"robots\" content=\"index, follow, max-snippet:-1, max-image-preview:large, max-video-preview:-1\" \/>\n<link rel=\"canonical\" href=\"https:\/\/myavis.lt\/en\/weekend-with-sheep\/\" \/>\n<meta property=\"og:locale\" content=\"en_US\" \/>\n<meta property=\"og:type\" content=\"article\" \/>\n<meta property=\"og:title\" content=\"AVIS birthday - MYAVIS\" \/>\n<meta property=\"og:url\" content=\"https:\/\/myavis.lt\/en\/weekend-with-sheep\/\" \/>\n<meta property=\"og:site_name\" content=\"MYAVIS\" \/>\n<meta property=\"article:modified_time\" content=\"2026-05-15T06:22:35+00:00\" \/>\n<meta name=\"twitter:card\" content=\"summary_large_image\" \/>\n<!-- \/ Yoast SEO plugin. -->","yoast_head_json":{"title":"AVIS birthday - MYAVIS","robots":{"index":"index","follow":"follow","max-snippet":"max-snippet:-1","max-image-preview":"max-image-preview:large","max-video-preview":"max-video-preview:-1"},"canonical":"https:\/\/myavis.lt\/en\/weekend-with-sheep\/","og_locale":"en_US","og_type":"article","og_title":"AVIS birthday - MYAVIS","og_url":"https:\/\/myavis.lt\/en\/weekend-with-sheep\/","og_site_name":"MYAVIS","article_modified_time":"2026-05-15T06:22:35+00:00","twitter_card":"summary_large_image","schema":{"@context":"https:\/\/schema.org","@graph":[{"@type":"WebPage","@id":"https:\/\/myavis.lt\/en\/weekend-with-sheep\/","url":"https:\/\/myavis.lt\/en\/weekend-with-sheep\/","name":"AVIS birthday - MYAVIS","isPartOf":{"@id":"https:\/\/myavis.lt\/en\/#website"},"datePublished":"2024-09-27T08:52:30+00:00","dateModified":"2026-05-15T06:22:35+00:00","inLanguage":"en-US","potentialAction":[{"@type":"ReadAction","target":["https:\/\/myavis.lt\/en\/weekend-with-sheep\/"]}]},{"@type":"WebSite","@id":"https:\/\/myavis.lt\/en\/#website","url":"https:\/\/myavis.lt\/en\/","name":"MYAVIS","description":"","potentialAction":[{"@type":"SearchAction","target":{"@type":"EntryPoint","urlTemplate":"https:\/\/myavis.lt\/en\/?s={search_term_string}"},"query-input":{"@type":"PropertyValueSpecification","valueRequired":true,"valueName":"search_term_string"}}],"inLanguage":"en-US"}]}},"_links":{"self":[{"href":"https:\/\/myavis.lt\/en\/wp-json\/wp\/v2\/pages\/4034","targetHints":{"allow":["GET"]}}],"collection":[{"href":"https:\/\/myavis.lt\/en\/wp-json\/wp\/v2\/pages"}],"about":[{"href":"https:\/\/myavis.lt\/en\/wp-json\/wp\/v2\/types\/page"}],"author":[{"embeddable":true,"href":"https:\/\/myavis.lt\/en\/wp-json\/wp\/v2\/users\/5"}],"replies":[{"embeddable":true,"href":"https:\/\/myavis.lt\/en\/wp-json\/wp\/v2\/comments?post=4034"}],"version-history":[{"count":15,"href":"https:\/\/myavis.lt\/en\/wp-json\/wp\/v2\/pages\/4034\/revisions"}],"predecessor-version":[{"id":72897,"href":"https:\/\/myavis.lt\/en\/wp-json\/wp\/v2\/pages\/4034\/revisions\/72897"}],"wp:attachment":[{"href":"https:\/\/myavis.lt\/en\/wp-json\/wp\/v2\/media?parent=4034"}],"curies":[{"name":"wp","href":"https:\/\/api.w.org\/{rel}","templated":true}]}}